{"id":1239,"date":"2022-12-12T12:32:29","date_gmt":"2022-12-12T12:32:29","guid":{"rendered":"https:\/\/wheelgirls.de\/?page_id=1239"},"modified":"2026-03-02T15:36:39","modified_gmt":"2026-03-02T15:36:39","slug":"lost","status":"publish","type":"page","link":"https:\/\/wheelgirls.de\/?page_id=1239","title":{"rendered":"LOST in Black Forest&#8230;"},"content":{"rendered":"\n<figure class=\"wp-block-gallery has-nested-images columns-3 is-cropped wp-block-gallery-1 is-layout-flex wp-block-gallery-is-layout-flex\">\n<figure class=\"wp-block-image size-large is-style-default\"><img loading=\"lazy\" decoding=\"async\" width=\"1024\" height=\"683\" data-id=\"1401\" src=\"https:\/\/wheelgirls.de\/wp-content\/uploads\/2024\/08\/green-trees-near-mountain-45987-1024x683.jpg\" alt=\"Green Trees Near Mountain\" class=\"wp-image-1401\" srcset=\"https:\/\/wheelgirls.de\/wp-content\/uploads\/2024\/08\/green-trees-near-mountain-45987-1024x683.jpg 1024w, https:\/\/wheelgirls.de\/wp-content\/uploads\/2024\/08\/green-trees-near-mountain-45987-300x200.jpg 300w, https:\/\/wheelgirls.de\/wp-content\/uploads\/2024\/08\/green-trees-near-mountain-45987-768x512.jpg 768w, https:\/\/wheelgirls.de\/wp-content\/uploads\/2024\/08\/green-trees-near-mountain-45987-1536x1024.jpg 1536w, https:\/\/wheelgirls.de\/wp-content\/uploads\/2024\/08\/green-trees-near-mountain-45987-2048x1365.jpg 2048w\" sizes=\"auto, (max-width: 1024px) 100vw, 1024px\" \/><\/figure>\n<\/figure>\n\n\n\n<p><\/p>\n\n\n\n<p><strong>SAMSTAG 04. JULI 2026<\/strong><\/p>\n\n\n\n<p>Wir entf\u00fchren Euch in den wundersch\u00f6nen Nordschwarzwald mit seinen kleinen Stra\u00dfen und vielen Kurven.  Auch dieses Jahr sind wir wieder Teil des Ori Cup S\u00fcdwest.<br><\/p>\n\n\n\n<p>Wir bieten eine Orientierungsfahrt f\u00fcr alle Fahrzeuge, egal welchen Alters, mit zwei Wertungen: Einsteiger und Profis. Die Platzierungen 1-3 erhalten jeweils einen Preis.<\/p>\n\n\n\n<p><strong>NEU: <\/strong>f\u00fcr die Hartgesottenen wird es bei den Profis eine &#8222;<strong>WTF?!<\/strong>&#8222;-Option geben (What the f**k?). Strecke und Auswertung erfolgt in der Wertung &#8222;Profis&#8220;, nur vereinzelt werden die Aufgabenstellungen noch einen Tick kniffliger. Es winken hier aber viel Ruhm und Ehre und Geschichten, die noch Euren Enkeln erz\u00e4hlt werden k\u00f6nnen \ud83d\ude09<\/p>\n\n\n\n<p>Einsteiger d\u00fcrfen sich wieder \u00fcber eine eigene Streckenf\u00fchrung mit einfachen Orientierungsaufgaben freuen. Nehmt die Herausforderung an mit Karte zu fahren und habt Spa\u00df!<\/p>\n\n\n\n<p><br>Wir treffen uns ab 08:30 Uhr am Start, wo Ihr noch ausreichend Gelegenheit zum Fr\u00fchst\u00fccken und Koffein nachf\u00fcllen bekommt.<br>Die Ausgabe der Bordb\u00fccher erfolgt ab 09:15 Uhr und Ihr startet wann immer Ihr wollt auf die Strecke.<br>Das Ziel erreicht Ihr idealerweiser zwischen 16:00 und 18:30 Uhr.<\/p>\n\n\n\n<p>Start: B\u00e4ckerei Saur, Walddorfer Str. 2, 72227 Egenhausen<br>Ziel: wird noch bekannt gegeben (Umkreis 15 Km vom Start)<br><br>Ben\u00f6tigt werden eine Lupe und eine Stoppuhr.<br><br>Die Strecke f\u00fchrt \u00fcber ca. 120-150 Km mit Orientierungskontrollen und Selbststemplern.<br>Die Startgeb\u00fchr betr\u00e4gt 80 \u20ac und enth\u00e4lt zwei nicht-alkoholische Getr\u00e4nke Eurer Wahl am Ziel.<br>Alle weiteren Infos werden Euch nach Anmeldung zugesandt. <\/p>\n\n\n<style id=\"wpforms-css-vars-1467-block-629b5032-4f68-4870-84a0-2026bdc87ece\">\n\t\t\t\t#wpforms-1467.wpforms-block-629b5032-4f68-4870-84a0-2026bdc87ece {\n\t\t\t\t--wpforms-field-size-input-height: 43px;\n--wpforms-field-size-input-spacing: 15px;\n--wpforms-field-size-font-size: 16px;\n--wpforms-field-size-line-height: 19px;\n--wpforms-field-size-padding-h: 14px;\n--wpforms-field-size-checkbox-size: 16px;\n--wpforms-field-size-sublabel-spacing: 5px;\n--wpforms-field-size-icon-size: 1;\n--wpforms-label-size-font-size: 16px;\n--wpforms-label-size-line-height: 19px;\n--wpforms-label-size-sublabel-font-size: 14px;\n--wpforms-label-size-sublabel-line-height: 17px;\n--wpforms-button-size-font-size: 17px;\n--wpforms-button-size-height: 41px;\n--wpforms-button-size-padding-h: 15px;\n--wpforms-button-size-margin-top: 10px;\n\t\t\t}\n\t\t\t<\/style><div class=\"wpforms-container wpforms-container-full wpforms-block wpforms-block-629b5032-4f68-4870-84a0-2026bdc87ece wpforms-render-modern\" id=\"wpforms-1467\"><form id=\"wpforms-form-1467\" class=\"wpforms-validate wpforms-form wpforms-ajax-form\" data-formid=\"1467\" method=\"post\" enctype=\"multipart\/form-data\" action=\"\/index.php?rest_route=%2Fwp%2Fv2%2Fpages%2F1239\" data-token=\"1da12d64dc9d4ef007f29c8c06c608c8\" data-token-time=\"1775285440\"><noscript class=\"wpforms-error-noscript\">Bitte aktiviere JavaScript in deinem Browser, um dieses Formular fertigzustellen.<\/noscript><div id=\"wpforms-error-noscript\" style=\"display: none;\">Bitte aktiviere JavaScript in deinem Browser, um dieses Formular fertigzustellen.<\/div><div class=\"wpforms-field-container\"><div id=\"wpforms-1467-field_1-container\" class=\"wpforms-field wpforms-field-name\" data-field-id=\"1\"><fieldset><legend class=\"wpforms-field-label\">Fahrer <span class=\"wpforms-required-label\" aria-hidden=\"true\">*<\/span><\/legend><div class=\"wpforms-field-row wpforms-field-medium\"><div class=\"wpforms-field-row-block wpforms-first wpforms-one-half\"><input type=\"text\" id=\"wpforms-1467-field_1\" class=\"wpforms-field-name-first wpforms-field-required\" name=\"wpforms[fields][1][first]\" aria-errormessage=\"wpforms-1467-field_1-error\" required><label for=\"wpforms-1467-field_1\" class=\"wpforms-field-sublabel after\">Vorname<\/label><\/div><div class=\"wpforms-field-row-block wpforms-one-half\"><input type=\"text\" id=\"wpforms-1467-field_1-last\" class=\"wpforms-field-name-last wpforms-field-required\" name=\"wpforms[fields][1][last]\" aria-errormessage=\"wpforms-1467-field_1-last-error\" required><label for=\"wpforms-1467-field_1-last\" class=\"wpforms-field-sublabel after\">Nachname<\/label><\/div><\/div><\/fieldset><\/div><div id=\"wpforms-1467-field_5-container\" class=\"wpforms-field wpforms-field-name\" data-field-id=\"5\"><fieldset><legend class=\"wpforms-field-label\">Beifahrer <span class=\"wpforms-required-label\" aria-hidden=\"true\">*<\/span><\/legend><div class=\"wpforms-field-row wpforms-field-medium\"><div class=\"wpforms-field-row-block wpforms-first wpforms-one-half\"><input type=\"text\" id=\"wpforms-1467-field_5\" class=\"wpforms-field-name-first wpforms-field-required\" name=\"wpforms[fields][5][first]\" aria-errormessage=\"wpforms-1467-field_5-error\" required><label for=\"wpforms-1467-field_5\" class=\"wpforms-field-sublabel after\">Vorname<\/label><\/div><div class=\"wpforms-field-row-block wpforms-one-half\"><input type=\"text\" id=\"wpforms-1467-field_5-last\" class=\"wpforms-field-name-last wpforms-field-required\" name=\"wpforms[fields][5][last]\" aria-errormessage=\"wpforms-1467-field_5-last-error\" required><label for=\"wpforms-1467-field_5-last\" class=\"wpforms-field-sublabel after\">Nachname<\/label><\/div><\/div><\/fieldset><\/div><div id=\"wpforms-1467-field_2-container\" class=\"wpforms-field wpforms-field-email\" data-field-id=\"2\"><label class=\"wpforms-field-label\" for=\"wpforms-1467-field_2\">E-Mail-Adresse <span class=\"wpforms-required-label\" aria-hidden=\"true\">*<\/span><\/label><input type=\"email\" id=\"wpforms-1467-field_2\" class=\"wpforms-field-small wpforms-field-required\" name=\"wpforms[fields][2]\" spellcheck=\"false\" aria-errormessage=\"wpforms-1467-field_2-error\" required><\/div>\t\t<div id=\"wpforms-1467-field_3-container\"\n\t\t\tclass=\"wpforms-field wpforms-field-text\"\n\t\t\tdata-field-type=\"text\"\n\t\t\tdata-field-id=\"3\"\n\t\t\t>\n\t\t\t<label class=\"wpforms-field-label\" for=\"wpforms-1467-field_3\" >Fahrzeug Mobilnummer E-Mail-Adresse<\/label>\n\t\t\t<input type=\"text\" id=\"wpforms-1467-field_3\" class=\"wpforms-field-medium\" name=\"wpforms[fields][3]\" >\n\t\t<\/div>\n\t\t<div id=\"wpforms-1467-field_8-container\" class=\"wpforms-field wpforms-field-text\" data-field-id=\"8\"><label class=\"wpforms-field-label\" for=\"wpforms-1467-field_8\">Mobilnummer<\/label><input type=\"text\" id=\"wpforms-1467-field_8\" class=\"wpforms-field-small\" name=\"wpforms[fields][8]\" aria-errormessage=\"wpforms-1467-field_8-error\" ><\/div><div id=\"wpforms-1467-field_9-container\" class=\"wpforms-field wpforms-field-name\" data-field-id=\"9\"><fieldset><legend class=\"wpforms-field-label\">Fahrzeug <span class=\"wpforms-required-label\" aria-hidden=\"true\">*<\/span><\/legend><div class=\"wpforms-field-row wpforms-field-medium\"><div class=\"wpforms-field-row-block wpforms-first wpforms-one-half\"><input type=\"text\" id=\"wpforms-1467-field_9\" class=\"wpforms-field-name-first wpforms-field-required\" name=\"wpforms[fields][9][first]\" placeholder=\"Modell\" aria-errormessage=\"wpforms-1467-field_9-error\" required><label for=\"wpforms-1467-field_9\" class=\"wpforms-field-sublabel after wpforms-sublabel-hide\">Vorname<\/label><\/div><div class=\"wpforms-field-row-block wpforms-one-half\"><input type=\"text\" id=\"wpforms-1467-field_9-last\" class=\"wpforms-field-name-last wpforms-field-required\" name=\"wpforms[fields][9][last]\" placeholder=\"Baujahr\" aria-errormessage=\"wpforms-1467-field_9-last-error\" required><label for=\"wpforms-1467-field_9-last\" class=\"wpforms-field-sublabel after wpforms-sublabel-hide\">Nachname<\/label><\/div><\/div><\/fieldset><\/div><div id=\"wpforms-1467-field_10-container\" class=\"wpforms-field wpforms-field-select wpforms-field-select-style-classic\" data-field-id=\"10\"><label class=\"wpforms-field-label\" for=\"wpforms-1467-field_10\">Wertung<\/label><select id=\"wpforms-1467-field_10\" class=\"wpforms-field-medium\" name=\"wpforms[fields][10]\"><option value=\"Einsteiger\"  class=\"choice-1 depth-1\"  >Einsteiger<\/option><option value=\"Profis\"  class=\"choice-2 depth-1\"  >Profis<\/option><option value=\"WTF?!\"  class=\"choice-3 depth-1\"  >WTF?!<\/option><\/select><\/div><script>\n\t\t\t\t( function() {\n\t\t\t\t\tconst style = document.createElement( 'style' );\n\t\t\t\t\tstyle.appendChild( document.createTextNode( '#wpforms-1467-field_3-container { position: absolute !important; overflow: hidden !important; display: inline !important; height: 1px !important; width: 1px !important; z-index: -1000 !important; padding: 0 !important; } #wpforms-1467-field_3-container input { visibility: hidden; } #wpforms-conversational-form-page #wpforms-1467-field_3-container label { counter-increment: none; }' ) );\n\t\t\t\t\tdocument.head.appendChild( style );\n\t\t\t\t\tdocument.currentScript?.remove();\n\t\t\t\t} )();\n\t\t\t<\/script><\/div><!-- .wpforms-field-container --><div class=\"wpforms-submit-container\" ><input type=\"hidden\" name=\"wpforms[id]\" value=\"1467\"><input type=\"hidden\" name=\"page_title\" value=\"\"><input type=\"hidden\" name=\"page_url\" value=\"https:\/\/wheelgirls.de\/index.php?rest_route=\/wp\/v2\/pages\/1239\"><input type=\"hidden\" name=\"url_referer\" value=\"\"><button type=\"submit\" name=\"wpforms[submit]\" id=\"wpforms-submit-1467\" class=\"wpforms-submit\" data-alt-text=\"Wird gesendet\u00a0\u2026\" data-submit-text=\"Absenden\" aria-live=\"assertive\" value=\"wpforms-submit\">Absenden<\/button><img loading=\"lazy\" decoding=\"async\" src=\"https:\/\/wheelgirls.de\/wp-content\/plugins\/wpforms-lite\/assets\/images\/submit-spin.svg\" class=\"wpforms-submit-spinner\" style=\"display: none;\" width=\"26\" height=\"26\" alt=\"Wird geladen\"><\/div><\/form><\/div>  <!-- .wpforms-container -->","protected":false},"excerpt":{"rendered":"<p>SAMSTAG 04. JULI 2026 Wir entf\u00fchren Euch in den wundersch\u00f6nen Nordschwarzwald mit seinen kleinen Stra\u00dfen und vielen Kurven. Auch dieses Jahr sind wir wieder Teil des Ori Cup S\u00fcdwest. Wir bieten eine Orientierungsfahrt f\u00fcr alle Fahrzeuge, egal welchen Alters, mit zwei Wertungen: Einsteiger und Profis. Die Platzierungen 1-3 erhalten jeweils einen Preis. NEU: f\u00fcr die&#8230;<\/p>\n","protected":false},"author":1,"featured_media":0,"parent":0,"menu_order":0,"comment_status":"closed","ping_status":"closed","template":"","meta":{"_themeisle_gutenberg_block_has_review":false,"_kadence_starter_templates_imported_post":false,"_kad_post_transparent":"","_kad_post_title":"","_kad_post_layout":"","_kad_post_sidebar_id":"","_kad_post_content_style":"","_kad_post_vertical_padding":"","_kad_post_feature":"","_kad_post_feature_position":"","_kad_post_header":false,"_kad_post_footer":false,"_kad_post_classname":"","footnotes":""},"class_list":["post-1239","page","type-page","status-publish","hentry"],"_links":{"self":[{"href":"https:\/\/wheelgirls.de\/index.php?rest_route=\/wp\/v2\/pages\/1239","targetHints":{"allow":["GET"]}}],"collection":[{"href":"https:\/\/wheelgirls.de\/index.php?rest_route=\/wp\/v2\/pages"}],"about":[{"href":"https:\/\/wheelgirls.de\/index.php?rest_route=\/wp\/v2\/types\/page"}],"author":[{"embeddable":true,"href":"https:\/\/wheelgirls.de\/index.php?rest_route=\/wp\/v2\/users\/1"}],"replies":[{"embeddable":true,"href":"https:\/\/wheelgirls.de\/index.php?rest_route=%2Fwp%2Fv2%2Fcomments&post=1239"}],"version-history":[{"count":31,"href":"https:\/\/wheelgirls.de\/index.php?rest_route=\/wp\/v2\/pages\/1239\/revisions"}],"predecessor-version":[{"id":1485,"href":"https:\/\/wheelgirls.de\/index.php?rest_route=\/wp\/v2\/pages\/1239\/revisions\/1485"}],"wp:attachment":[{"href":"https:\/\/wheelgirls.de\/index.php?rest_route=%2Fwp%2Fv2%2Fmedia&parent=1239"}],"curies":[{"name":"wp","href":"https:\/\/api.w.org\/{rel}","templated":true}]}}