{"id":1305,"date":"2025-02-01T10:18:07","date_gmt":"2025-02-01T10:18:07","guid":{"rendered":"https:\/\/wheelgirls.de\/?page_id=1305"},"modified":"2026-02-14T08:24:06","modified_gmt":"2026-02-14T08:24:06","slug":"oricupsw26","status":"publish","type":"page","link":"https:\/\/wheelgirls.de\/?page_id=1305","title":{"rendered":"ORI Cup S\u00fcdWest 2026"},"content":{"rendered":"\n<figure class=\"wp-block-image size-full is-resized\"><img loading=\"lazy\" decoding=\"async\" width=\"1024\" height=\"1024\" src=\"https:\/\/wheelgirls.de\/wp-content\/uploads\/2025\/02\/gencraft_image_1734374976090-1.png\" alt=\"\" class=\"wp-image-1417\" style=\"width:273px;height:auto\" srcset=\"https:\/\/wheelgirls.de\/wp-content\/uploads\/2025\/02\/gencraft_image_1734374976090-1.png 1024w, https:\/\/wheelgirls.de\/wp-content\/uploads\/2025\/02\/gencraft_image_1734374976090-1-300x300.png 300w, https:\/\/wheelgirls.de\/wp-content\/uploads\/2025\/02\/gencraft_image_1734374976090-1-150x150.png 150w, https:\/\/wheelgirls.de\/wp-content\/uploads\/2025\/02\/gencraft_image_1734374976090-1-768x768.png 768w\" sizes=\"auto, (max-width: 1024px) 100vw, 1024px\" \/><\/figure>\n\n\n\n<p>Z\u00fcckt Eure Lupen, werft Euer Fahrer- und Beifahrer-Gehirn an und fahrt Orientierungsfahrten!<br><br>Die Veranstalter der Orientierungsfahrten haben sich auch f\u00fcr 2026 wieder vorgenommen Euch ungew\u00f6hnliche und tolle Aufgaben zu stellen. Jede dieser Veranstaltungen hat seinen eigenen Charakter und wir verzichten auf ein einheitliches Reglement.<\/p>\n\n\n\n<p><br>Die Teilnehmer an diesen Veranstaltungen haben nun die M\u00f6glichkeit am Ende des Jahres sich mit dem Titel \u201ebester ORI-Fahrer\/Beifahrer des S\u00fcdwestens\u201c zu schm\u00fccken.<\/p>\n\n\n\n<p><br>Diese Veranstaltungen gelten als Wertungslauf f\u00fcr den ORI CUP S\u00fcdwest:<br><br>ORI Reutlingen Nord \u2013 28.03.26 \u2013 Ansprechpartner Gunter N\u00e4gele, gu.nae@t-online.de<br>ZollernAlbKlassik \u2013 18.04.26 \u2013 Ansprechpartner Michael Wiring, michael@automobile-freizeit.de<br>Pf\u00e4lzer Wertungsfahrt \u2013 09.05.26 \u2013 Ansprechpartner Daniel Keller, RheinPfalz-Timing@gmx.de<br>Lost in Black Forest \u2013 04.07.26 \u2013 Ansprechpartnerin Jessica van Ostaeyen, info@wheelgirls.de<br><strong>NEU: Achalm Klassik &#8211; 17.10.26<\/strong> &#8211; Ansprechpartner Hans-Dieter Kregel, kregel-eningen@t-online.de <br>Helfensteiner Ori \u2013 14.11.26 \u2013 Ansprechpartner Dieter Knaupp, dknaupp@t-online.de<br>B\u00fcrstenbinder Ori \u2013 21.11.26 \u2013 Ansprechpartner Frank Kuntz, kufaco_73@yahoo.de<br> <br>Die Teilnahme ist kostenfrei und erfolgt automatisch bei Nennung bei einer der Veranstaltungen. Sofern dies nicht gew\u00fcnscht ist, bitten wir um Widerspruch.<\/p>\n\n\n\n<p>Die f\u00fcnf (5) besten Ergebnisse werden gewertet.<br>Die Wertung erfolgt abh\u00e4ngig von der Teilnehmerzahl der Veranstaltung, um es m\u00f6glichst fair zu gestalten.<br>((Teilnehmeranzahl \u2013 Platzierung gesamt) : Teilnehmeranzahl) +0,01. Bei Ausfall o.\u00e4. erh\u00e4lt man 0,005 Punkte.<\/p>\n\n\n\n<p>Die Siegerehrung findet bei der letzten gewerteten Veranstaltung statt.<br>Wir freuen uns alle auf eine tolle ORI-Saison 2026 und sehen uns auf der Stra\u00dfe!<\/p>\n\n\n\n<p><\/p>\n\n\n\n<p>Hier die Endauswertung des ORI CUP S\u00fcdwest 2025:<\/p>\n\n\n\n<div data-wp-interactive=\"core\/file\" class=\"wp-block-file\"><object data-wp-bind--hidden=\"!state.hasPdfPreview\" hidden class=\"wp-block-file__embed\" data=\"https:\/\/wheelgirls.de\/wp-content\/uploads\/2025\/11\/OCSW2025Auswertung_Stand22112025.pdf\" type=\"application\/pdf\" style=\"width:100%;height:600px\" aria-label=\"Einbettung von OCSW2025Auswertung_Stand22112025.\"><\/object><a id=\"wp-block-file--media-235bdef0-4b12-42cd-b767-f6c88cecaf9d\" href=\"https:\/\/wheelgirls.de\/wp-content\/uploads\/2025\/11\/OCSW2025Auswertung_Stand22112025.pdf\">OCSW2025Auswertung_Stand22112025<\/a><a href=\"https:\/\/wheelgirls.de\/wp-content\/uploads\/2025\/11\/OCSW2025Auswertung_Stand22112025.pdf\" class=\"wp-block-file__button wp-element-button\" download aria-describedby=\"wp-block-file--media-235bdef0-4b12-42cd-b767-f6c88cecaf9d\">Herunterladen<\/a><\/div>\n","protected":false},"excerpt":{"rendered":"<p>Z\u00fcckt Eure Lupen, werft Euer Fahrer- und Beifahrer-Gehirn an und fahrt Orientierungsfahrten! Die Veranstalter der Orientierungsfahrten haben sich auch f\u00fcr 2026 wieder vorgenommen Euch ungew\u00f6hnliche und tolle Aufgaben zu stellen. Jede dieser Veranstaltungen hat seinen eigenen Charakter und wir verzichten auf ein einheitliches Reglement. Die Teilnehmer an diesen Veranstaltungen haben nun die M\u00f6glichkeit am Ende&#8230;<\/p>\n","protected":false},"author":1,"featured_media":0,"parent":0,"menu_order":0,"comment_status":"closed","ping_status":"closed","template":"","meta":{"_themeisle_gutenberg_block_has_review":false,"_kadence_starter_templates_imported_post":false,"_kad_post_transparent":"","_kad_post_title":"","_kad_post_layout":"","_kad_post_sidebar_id":"","_kad_post_content_style":"","_kad_post_vertical_padding":"","_kad_post_feature":"","_kad_post_feature_position":"","_kad_post_header":false,"_kad_post_footer":false,"_kad_post_classname":"","footnotes":""},"class_list":["post-1305","page","type-page","status-publish","hentry"],"_links":{"self":[{"href":"https:\/\/wheelgirls.de\/index.php?rest_route=\/wp\/v2\/pages\/1305","targetHints":{"allow":["GET"]}}],"collection":[{"href":"https:\/\/wheelgirls.de\/index.php?rest_route=\/wp\/v2\/pages"}],"about":[{"href":"https:\/\/wheelgirls.de\/index.php?rest_route=\/wp\/v2\/types\/page"}],"author":[{"embeddable":true,"href":"https:\/\/wheelgirls.de\/index.php?rest_route=\/wp\/v2\/users\/1"}],"replies":[{"embeddable":true,"href":"https:\/\/wheelgirls.de\/index.php?rest_route=%2Fwp%2Fv2%2Fcomments&post=1305"}],"version-history":[{"count":14,"href":"https:\/\/wheelgirls.de\/index.php?rest_route=\/wp\/v2\/pages\/1305\/revisions"}],"predecessor-version":[{"id":1478,"href":"https:\/\/wheelgirls.de\/index.php?rest_route=\/wp\/v2\/pages\/1305\/revisions\/1478"}],"wp:attachment":[{"href":"https:\/\/wheelgirls.de\/index.php?rest_route=%2Fwp%2Fv2%2Fmedia&parent=1305"}],"curies":[{"name":"wp","href":"https:\/\/api.w.org\/{rel}","templated":true}]}}